

{"id":171,"date":"2021-01-13T12:05:17","date_gmt":"2021-01-13T11:05:17","guid":{"rendered":"http:\/\/casabava.it\/?page_id=171"},"modified":"2022-06-14T09:30:59","modified_gmt":"2022-06-14T07:30:59","slug":"casa-bava-auswahl","status":"publish","type":"page","link":"https:\/\/casabava.it\/de\/casa-bava-auswahl\/","title":{"rendered":"Casa Bava Auswahl"},"content":{"rendered":"<p>Eine sorgf\u00e4ltige Auswahl gro\u00dfartiger Weine f\u00fcr unsere besonderen Kunden.<\/p>\n","protected":false},"excerpt":{"rendered":"<p>Eine sorgf\u00e4ltige Auswahl gro\u00dfartiger Weine f\u00fcr unsere besonderen Kunden.<\/p>\n","protected":false},"author":1,"featured_media":0,"parent":0,"menu_order":0,"comment_status":"closed","ping_status":"closed","template":"","meta":{"footnotes":""},"_links":{"self":[{"href":"https:\/\/casabava.it\/de\/wp-json\/wp\/v2\/pages\/171"}],"collection":[{"href":"https:\/\/casabava.it\/de\/wp-json\/wp\/v2\/pages"}],"about":[{"href":"https:\/\/casabava.it\/de\/wp-json\/wp\/v2\/types\/page"}],"author":[{"embeddable":true,"href":"https:\/\/casabava.it\/de\/wp-json\/wp\/v2\/users\/1"}],"replies":[{"embeddable":true,"href":"https:\/\/casabava.it\/de\/wp-json\/wp\/v2\/comments?post=171"}],"version-history":[{"count":3,"href":"https:\/\/casabava.it\/de\/wp-json\/wp\/v2\/pages\/171\/revisions"}],"predecessor-version":[{"id":965,"href":"https:\/\/casabava.it\/de\/wp-json\/wp\/v2\/pages\/171\/revisions\/965"}],"wp:attachment":[{"href":"https:\/\/casabava.it\/de\/wp-json\/wp\/v2\/media?parent=171"}],"curies":[{"name":"wp","href":"https:\/\/api.w.org\/{rel}","templated":true}]}}