

{"id":219,"date":"2021-01-18T09:47:55","date_gmt":"2021-01-18T08:47:55","guid":{"rendered":"http:\/\/casabava.it\/privacy-policy\/"},"modified":"2022-06-08T16:04:53","modified_gmt":"2022-06-08T14:04:53","slug":"privacy-policy","status":"publish","type":"page","link":"https:\/\/casabava.it\/de\/privacy-policy\/","title":{"rendered":"Privacy Policy"},"content":{"rendered":"\r\n<p id=\"docDate\">Dokument: MOD01 \u2013 Revision 30\/06\/2022<\/p>\r\n<p id=\"societa\">Enoteca Casa Bava<\/p>\r\n<div class=\"cb\">\u00a0<\/div>\r\n<p><strong>INFORMATIONEN ZUR VERARBEITUNG PERS\u00d6NLICHER DATEN<\/strong><\/p>\r\n<h4>gem\u00e4\u00df art. 13 des Gesetzesdekrets vom 30. Juni 2003, Nr. 196 und Artikel 13 und 14 der Europ\u00e4ischen Verordnung 679\/201<\/h4>\r\n<p><br \/><strong> Datencontroller: <\/strong><\/p>\r\n<p>Zu den personenbezogenen Daten geh\u00f6rt die unterzeichnete <span class=\"bold\">Enoteca Casa Bava<\/span>, rechtliche und operative Zentrale Piazza 27\/28 Maggio, 8 Cannobio (VB). Die oben genannten Rechte k\u00f6nnen mit einem Antrag ausge\u00fcbt werden, der ohne Formalit\u00e4ten an den Eigent\u00fcmer oder einen der Manager gerichtet ist, auch \u00fcber eine verantwortliche Person. Die Anfrage kann auch per Einschreiben oder E-Mail an die Adresse <a title=\"Invia una mail\" href=\"mailto:shop@casabava.it\">shop@casabava.it<\/a> senden.<\/p>\r\n<p><br \/><strong> Durchgef\u00fchrte Behandlungen und Zwecke: <\/strong><\/p>\r\n<p>Die folgenden pers\u00f6nlichen Daten und Identifikationsdaten der Kontaktperson, die mit unserem Unternehmen in Kontakt tritt, werden gesammelt:<\/p>\r\n<ul>\r\n<li>1.1 Firmenname des Unternehmens oder Dienstleistungszentrums, Identit\u00e4t des Vereins, Vor- und Nachname des Einzelunternehmens;<\/li>\r\n<li>1.2 Adresse des eingetragenen Sitzes, des operativen Hauptsitzes oder der \u00f6rtlichen Einheiten;<\/li>\r\n<li>1.3 Vor- und Nachname des gesetzlichen Vertreters, der Manager, Mitarbeiter oder Mitarbeiter;<\/li>\r\n<li>1.4 Kreditinstitute, zu denen Sie Beziehungen unterhalten, und die entsprechenden Bankdaten;<\/li>\r\n<li>1.5 Telefonnummer der Telefonzentrale, Nebenstellen und Fax;<\/li>\r\n<li>1.6 Institutionelle und direkte E-Mail-Adressen;<\/li>\r\n<li>1.7 Dokumentation zu Websites, die im Auftrag von Kunden entwickelt wurden.<\/li>\r\n<\/ul>\r\n<p><br \/><strong> Die Daten werden zu folgenden Zwecken verarbeitet: <\/strong><\/p>\r\n<p><span class=\"bold\">KUNDEN<\/span><\/p>\r\n<ul>\r\n<li>a) Kundenbeziehungsmanagement, Datenerfassung bei Leistungserbringung, Produktlieferung, Datenerfassung zur Finanzierung, Vermietung oder Vermietung von Ger\u00e4ten und Software;<\/li>\r\n<li>b) \u00dcberpr\u00fcfung des Grads der Kundenzufriedenheit in Bezug auf die von <span class=\"bold\">Enoteca Casa Bava<\/span> angebotenen Dienstleistungen durch pers\u00f6nliche Interviews, Versenden von Frageb\u00f6gen per Fax, Post oder E-Mail;<\/li>\r\n<li>c) Werbung f\u00fcr Produkte oder Dienstleistungen von <span class=\"bold\">Enoteca Casa Bava<\/span>, Austausch von Mitteilungen \u00fcber die wirtschaftliche, administrative und kommerzielle T\u00e4tigkeit des Unternehmens;<\/li>\r\n<li>d) Invio tramite fax, posta o posta elettronica di materiale pubblicitario sui servizi o prodotti offerti da <span class=\"bold\">Enoteca Casa Bava<\/span>;<\/li>\r\n<li>e) F\u00f6rderung von Veranstaltungen wie Workshops, Konferenzen, Messen, bei denen <span class=\"bold\">Enoteca Casa Bava<\/span> der Veranstalter oder Teilnehmer ist;<\/li>\r\n<li>f) Ausstellung von Transportdokumenten, Rechnungen und Gutschriften, ordentliche und Mehrwertsteuerabrechnung, Verwaltung von Belegen und Zahlungen.<\/li>\r\n<\/ul>\r\n<p>&nbsp;<\/p>\r\n<p>Die <span class=\"bold underline\">oben erw\u00e4hnte Bereitstellung <\/span>personenbezogener Daten ist nicht obligatorisch, eine Ablehnung w\u00fcrde dies unter besonderer Bezugnahme auf den Unterpunkt verhindern. Lette. a) die Unf\u00e4higkeit von <span class=\"bold\">Enoteca Casa Bava<\/span>, dem Kunden den angeforderten Service anbieten zu k\u00f6nnen.<\/p>\r\n<p>&nbsp;<\/p>\r\n<p><span class=\"bold\">POTENTIELLE KUNDEN<\/span> <br \/>Werbung f\u00fcr Produkte, Dienstleistungen, Veranstaltungen wie Workshops, Konferenzen, Messen, bei denen <span class=\"bold\">Enoteca Casa Bava<\/span> der Veranstalter oder Teilnehmer ist; Unternehmensberatung, Entwicklung von Angeboten f\u00fcr <span class=\"bold\">Enoteca Casa Bava<\/span> &#8211; Dienstleistungen.<br \/>Zus\u00e4tzlich zu den oben beschriebenen Zwecken k\u00f6nnen personenbezogene Daten auch verarbeitet werden, um die gesetzlich, durch eine Verordnung oder durch Gemeinschaftsgesetze festgelegten Verpflichtungen zu erf\u00fcllen.<\/p>\r\n<p><br \/><strong> Methoden der Datenerfassung <\/strong><\/p>\r\n<ul>\r\n<li>a) Direkt von der interessierten Partei oder in den B\u00fcros von <span class=\"bold\">Enoteca Casa Bava<\/span> zum Zeitpunkt des Aufbaus der Gesch\u00e4ftsbeziehung, der Auftragserteilung, der Aufforderung zur Angebotsabgabe oder der Vereinbarung eines Vertrages;<\/li>\r\n<li>b) Direkt vom Interessenten durch Kommunikation per Fax oder E-Mail;<\/li>\r\n<li>c) Direkt von der interessierten Partei anl\u00e4sslich kommerzieller Besuche f\u00fcr den Vorschlag von Produkten oder Dienstleistungen, die der Aktivit\u00e4t von <span class=\"bold\">Enoteca Casa Bava<\/span> unterliegen;<\/li>\r\n<li>d) Direkt vom Interessenten durch Telefoninterviews;<\/li>\r\n<li>e) Direkt von der interessierten Partei durch Partnerschaften zwischen <span class=\"bold\">Enoteca Casa Bava<\/span> und Fachleuten oder professionellen Firmen, mit denen die interessierte Partei kooperative Beziehungen unterh\u00e4lt;<\/li>\r\n<li>f) Aus \u00f6ffentlichen Quellen wie Telefonverzeichnissen, Anzeigen des Interessenten \u00fcber Websites, die im Besitz und zur Verarbeitung dieser personenbezogenen Daten berechtigt sind;<\/li>\r\n<li>g) \u00fcber die Websites von <span class=\"bold\">Enoteca Casa Bava<\/span> gleichzeitig mit dem Abonnieren des Newsletters <span class=\"bold\">Enoteca Casa Bava<\/span> ;<\/li>\r\n<\/ul>\r\n<p>Diese Informationen werden dem Interessenten oder der Person, von der die Daten gesammelt werden, zum Zeitpunkt des Beginns der Beziehung mitgeteilt. Sie werden dann registriert und bei <span class=\"bold\">Enoteca Casa Bava<\/span> gesammelt. mit operativem Hauptsitz auf der Piazza 27\/28 Maggio, 8 Cannobio (VB). Die Daten werden in \u00dcbereinstimmung mit dem Datenschutzcode verarbeitet und so aufbewahrt, dass die Vertraulichkeit gew\u00e4hrleistet ist und deren Zerst\u00f6rung oder Verwendung durch Dritte, die nicht mit <span class=\"bold\">Enoteca Casa Bava<\/span> in Zusammenhang stehen, verhindert wird.<br \/><br \/>Die Datenverarbeitung erfolgt manuell (z. B. auf Papier) und \/ oder \u00fcber automatisierte Tools (z. B. unter Verwendung elektronischer Verfahren und Medien) mit Logik in Bezug auf die oben genannten Zwecke und in jedem Fall zur Gew\u00e4hrleistung der Sicherheit und die Vertraulichkeit der Daten, gesch\u00fctzt durch Ger\u00e4te und Virenschutz, die verhindern, dass nicht autorisierte Dritte auf die Daten zugreifen.<\/p>\r\n<p><br \/><strong> Datenkommunikation und Verbreitungsumfang: <\/strong><\/p>\r\n<p>Die Daten k\u00f6nnen an folgende Kategorien von Themen weitergegeben werden, die sie f\u00fcr die Durchf\u00fchrung bestimmter T\u00e4tigkeiten verwenden, die f\u00fcr die Erbringung ihrer Dienstleistungen von Bedeutung sind: Wirtschaftspr\u00fcfungsgesellschaft f\u00fcr Rechnungslegungs- \/ Steuerpflichten; Unternehmens-, Steuer- und Rechtsberatungsunternehmen oder -firmen, Zahlungsbanken; Anwaltskanzlei im Streitfall; \u00d6ffentliche Verwaltung f\u00fcr gesetzlich vorgeschriebene Kommunikation; Unternehmen, die Dienstleistungen f\u00fcr die Ausf\u00fchrung der Aktivit\u00e4t erbringen, f\u00fcr die sie in Kontakt gekommen sind, und die die angebotenen Dienstleistungen teilweise oder vollst\u00e4ndig vervollst\u00e4ndigen, wie Post\u00e4mter, Versender, Kuriere. Die Daten werden nicht ins Ausland \u00fcbertragen.<\/p>\r\n<p><br \/><strong> Lagerzeit: <\/strong><\/p>\r\n<p>Die Daten werden f\u00fcr die Zeit aufbewahrt, die erforderlich ist, um die oben genannten Zwecke in \u00dcbereinstimmung mit den gesetzlichen Bestimmungen auszuf\u00fchren, f\u00fcr den Zeitraum, der den steuerlichen, buchhalterischen und administrativen Anforderungen entspricht, und um unsere zu dokumentieren.<\/p>\r\n<p><br \/><strong> Rechte des Interessenten: <\/strong><\/p>\r\n<p>gem\u00e4\u00df art. Vom 15. bis 22. der Europ\u00e4ischen Verordnung 679\/2016 wird Ihnen das uneingeschr\u00e4nkte Recht einger\u00e4umt und garantiert, den Datenverantwortlichen um Zugang zu personenbezogenen Daten und deren Berichtigung oder L\u00f6schung zu bitten oder die Einschr\u00e4nkung der Verarbeitung, die Sie betrifft, oder um Widerspruch einzulegen zu ihrer Behandlung, zus\u00e4tzlich zum Recht auf Daten\u00fcbertragbarkeit. Dieses Recht kann per E-Mail an <a title=\"Invia una mail\" href=\"mailto:shop@casabava.it\">shop@casabava.it<\/a> ausge\u00fcbt werden. <br \/>Der Datenverantwortliche unterbricht die Verarbeitung, wenn die Mitteilung \u00fcber den Widerruf der zuvor ausdr\u00fccklichen Zustimmung eingeht. <br \/><br \/>Zur Aus\u00fcbung ihrer Rechte kann sich die interessierte Partei an die folgende Adresse wenden: <span class=\"bold\">Enoteca Casa Bava<\/span> , rechtlicher und operativer Hauptsitz Piazza 27\/28 Maggio, 8 Cannobio (VB), um die Aufmerksamkeit von Datenverarbeiter, oder er kann eine Mitteilung senden an: <a title=\"Invia una mail\" href=\"mailto:shop@casabava.it\">shop@casabava.it<\/a><\/p>\r\n<p>Beschwerde bei der Aufsichtsbeh\u00f6rde: Die interessierte Partei hat das Recht, eine Beschwerde bei der Aufsichtsbeh\u00f6rde einzureichen, falls ihre an den f\u00fcr die Verarbeitung Verantwortlichen gerichteten Auskunftsersuchen nicht zu zufriedenstellenden Antworten gef\u00fchrt haben. Die Referenzbeh\u00f6rde ist der Garant f\u00fcr den Schutz personenbezogener Daten.<\/p>\r\n<p>&nbsp;<\/p>\r\n\r\n\r\n\r\n<p>&nbsp;<\/p>\r\n","protected":false},"excerpt":{"rendered":"<p>Dokument: MOD01 \u2013 Revision 30\/06\/2022 Enoteca Casa Bava \u00a0 INFORMATIONEN ZUR VERARBEITUNG PERS\u00d6NLICHER DATEN gem\u00e4\u00df art. 13 des Gesetzesdekrets vom 30. Juni 2003, Nr. 196 und Artikel 13 und 14 der Europ\u00e4ischen Verordnung 679\/201 Datencontroller: Zu den personenbezogenen Daten geh\u00f6rt die unterzeichnete Enoteca Casa Bava, rechtliche und operative Zentrale Piazza 27\/28 Maggio, 8 Cannobio (VB). &#8230;<\/p>\n","protected":false},"author":1,"featured_media":0,"parent":0,"menu_order":0,"comment_status":"closed","ping_status":"closed","template":"","meta":{"footnotes":""},"_links":{"self":[{"href":"https:\/\/casabava.it\/de\/wp-json\/wp\/v2\/pages\/219"}],"collection":[{"href":"https:\/\/casabava.it\/de\/wp-json\/wp\/v2\/pages"}],"about":[{"href":"https:\/\/casabava.it\/de\/wp-json\/wp\/v2\/types\/page"}],"author":[{"embeddable":true,"href":"https:\/\/casabava.it\/de\/wp-json\/wp\/v2\/users\/1"}],"replies":[{"embeddable":true,"href":"https:\/\/casabava.it\/de\/wp-json\/wp\/v2\/comments?post=219"}],"version-history":[{"count":4,"href":"https:\/\/casabava.it\/de\/wp-json\/wp\/v2\/pages\/219\/revisions"}],"predecessor-version":[{"id":936,"href":"https:\/\/casabava.it\/de\/wp-json\/wp\/v2\/pages\/219\/revisions\/936"}],"wp:attachment":[{"href":"https:\/\/casabava.it\/de\/wp-json\/wp\/v2\/media?parent=219"}],"curies":[{"name":"wp","href":"https:\/\/api.w.org\/{rel}","templated":true}]}}