

{"id":245,"date":"2021-01-18T10:58:53","date_gmt":"2021-01-18T09:58:53","guid":{"rendered":"http:\/\/casabava.it\/cookie-policy\/"},"modified":"2022-06-08T17:47:53","modified_gmt":"2022-06-08T15:47:53","slug":"cookie-policy","status":"publish","type":"page","link":"https:\/\/casabava.it\/de\/cookie-policy\/","title":{"rendered":"Cookie Policy"},"content":{"rendered":"<div class=\"cli_pg_page_contaner\">\n<h4 class=\"h5\">Informationen zu Cookies<br \/>\nErkl\u00e4rung aktualisiert am: 30\/06\/2022<\/h4>\n<p>&nbsp;<\/p>\n<h3 class=\"h5\">WAS SIND<\/h3>\n<p>Cookies sind kleine Textdateien, die auf Ihrem Computer oder Mobilger\u00e4t gespeichert werden, wenn Sie unsere Website besuchen.<\/p>\n<h3 class=\"h5\">WOF\u00dcR SIND SIE<\/h3>\n<p>Cookies werden von uns verwendet, um dem Benutzer die beste Erfahrung auf unserer Website zu gew\u00e4hrleisten. Diese Seite verwendet Cookies, auch von Drittanbietern.<\/p>\n<h3 class=\"h5\">ARTEN VON COOKIES<\/h3>\n<p>Cookies werden wie folgt kategorisiert.<\/p>\n<p><strong>Sitzungscookies<\/strong>. Cookies werden automatisch gel\u00f6scht, wenn der Benutzer den Browser schlie\u00dft.<br \/>\n<strong>Persistente Cookies<\/strong>. Cookies, die auf dem Ger\u00e4t des Benutzers gespeichert bleiben, bis ein bestimmtes Enddatum erreicht ist (in Minuten, Tagen oder Jahren ab Erstellung \/ Aktualisierung des Cookies).<br \/>\n<strong>Cookies first-party.<\/strong> Propriet\u00e4re Cookies, die nur von der besuchten Domain gelesen werden k\u00f6nnen.<br \/>\n<strong>Cookies von Drittanbietern<\/strong>. Im Auftrag Dritter gespeicherte Cookies.<\/p>\n<p>\u00dcber die Einstellungen der meisten Browser ist es m\u00f6glich, einzelne Cookies zu pr\u00fcfen und zu l\u00f6schen. Dies kann jedoch dazu f\u00fchren, dass Sie einige Funktionen unserer Website nicht richtig nutzen k\u00f6nnen. Weitere Informationen finden Sie unter <a href=\"http:\/\/www.aboutcookies.org\/\" target=\"_blank\" rel=\"noopener\">www.aboutcookies.org<\/a> oder <a href=\"http:\/\/www.allaboutcookies.org\/\" target=\"_blank\" rel=\"noopener\">www.allaboutcookies.org<\/a>.<\/p>\n<h3 class=\"h5\">VERWALTUNG VON COOKIES DIREKT VON DER WEBSITE<\/h3>\n<p>Um Ihre Erfahrung auch bei der Verwaltung von Cookies zu optimieren, haben wir uns entschieden, die von dieser Website verwendeten Cookies in Kategorien einzuteilen.<br \/>\nDer Benutzer hat jederzeit die M\u00f6glichkeit, jede spezifische Kategorie von Cookies direkt auf der Website zu aktivieren und zu deaktivieren (mit Ausnahme der unbedingt erforderlichen Cookies). Im Falle von Cookies von Drittanbietern beinhaltet die Deaktivierung die Nichtverwendung des Cookies durch diese Website (und nicht dessen L\u00f6schung).<\/p>\n<h4><strong class=\"h5\">Unbedingt erforderliche Cookies<\/strong><\/h4>\n<p>Diese Cookies sind f\u00fcr das reibungslose Funktionieren unserer Website unerl\u00e4sslich. Ohne diese Cookies w\u00fcrde die Website nicht richtig funktionieren.<br \/>\n<strong>Unten ist die Liste der notwendigen Cookies, die auf dieser Website verwendet werden, mit ihren Eigenschaften.<\/strong><\/p>\n<div class=\"cookieBlock\">\n<table>\n<thead>\n<tr>\n<th scope=\"col\">Name<\/th>\n<th scope=\"col\">Domain<\/th>\n<th scope=\"col\">Ablauf<\/th>\n<th scope=\"col\">Beschreibung<\/th>\n<\/tr>\n<\/thead>\n<tbody>\n<tr>\n<td data-column=\"Nome\">PHPSESSID<\/td>\n<td data-column=\"Dominio\">casabava.it<\/td>\n<td data-column=\"Scadenza\">Sitzungscookies<\/td>\n<td data-column=\"Descrizione\">ASPSESSIONID ist ein natives ASP-Cookie und erm\u00f6glicht Websites, Serialisierungsstatusdaten zu speichern. Es wird verwendet, um eine Benutzersitzung einzurichten und Statusdaten \u00fcber ein tempor\u00e4res Cookie zu \u00fcbermitteln, das allgemein als Sitzungscookie bezeichnet wird. Da das Cookie ASPSESSIONID zeitlich unbegrenzt ist, verschwindet es beim Schlie\u00dfen des Browsers.<\/td>\n<\/tr>\n<tr>\n<td data-column=\"Nome\">moove_gdpr_popup<\/td>\n<td data-column=\"Dominio\">casabava.it<\/td>\n<td data-column=\"Scadenza\">Persistenter Cookie: 1 Jahr<\/td>\n<td data-column=\"Descrizione\">Technisches Cookie, das verwendet wird, um die Wahl des Benutzers zur Verwendung von Cookies zu speichern.<\/td>\n<\/tr>\n<\/tbody>\n<\/table>\n<\/div>\n<h4><strong class=\"h5\">Statistiken<\/strong><\/h4>\n<p>Statistik-Cookies helfen Website-Eigent\u00fcmern zu verstehen, wie Besucher mit Websites interagieren, indem Informationen anonym gesammelt und \u00fcbertragen werden.<strong><br \/>\nStatistische Cookies werden auf dieser Seite nicht verwendet.<\/strong><\/p>\n<h4><strong class=\"h5\">Cookies von Drittanbietern<\/strong><\/h4>\n<p>Dies nutzt den Dienst\u00a0<strong>Google Maps<\/strong>\u00a0um den geografischen Standort der Turismo Cannobio-Zentrale anzuzeigen.<br \/>\nCookies verwendet von\u00a0<strong>Google Maps<\/strong>\u00a0Sie sind erforderlich, damit dynamische Karten funktionieren. Die Inhalte und deren Erstellung sind nicht direkt steuerbar, da sie beim Einbinden der dynamischen Karte automatisch generiert werden.<br \/>\n<strong>Nachfolgend finden Sie die Liste der auf dieser Website verwendeten Cookies mit ihren Eigenschaften.<\/strong><\/p>\n<table>\n<thead>\n<tr>\n<th scope=\"col\">Nome<\/th>\n<th scope=\"col\">Dominio<\/th>\n<th scope=\"col\">Scadenza<\/th>\n<th scope=\"col\">Descrizione<\/th>\n<\/tr>\n<\/thead>\n<tbody>\n<tr>\n<td data-column=\"Nome\">__Secure-3PSIDCC<\/td>\n<td data-column=\"Dominio\">google.com<\/td>\n<td data-column=\"Scadenza\">Persistenter Cookie: 6 Monate<\/td>\n<td data-column=\"Descrizione\">Wird von Google zu Werbezwecken verwendet.<\/td>\n<\/tr>\n<tr>\n<td data-column=\"Nome\">__Secure-1PAPISID<\/td>\n<td data-column=\"Dominio\">google.com<\/td>\n<td data-column=\"Scadenza\">Persistenter Cookie: 2 Jahre<\/td>\n<td data-column=\"Descrizione\">Cookie erforderlich, um die Optionen und Dienste der Website zu nutzen.<\/td>\n<\/tr>\n<tr>\n<td data-column=\"Nome\">SAPISID<\/td>\n<td data-column=\"Dominio\">google.com<\/td>\n<td data-column=\"Scadenza\">Persistenter Cookie: 2 Jahre<\/td>\n<td data-column=\"Descrizione\">Laden Sie einige Google-Tools herunter und speichern Sie bestimmte Einstellungen, wie z. B. die Anzahl der Suchergebnisse pro Seite oder die Aktivierung des SafeSearch-Filters. Passen Sie die in der Google-Suche angezeigten Anzeigen an.<\/td>\n<\/tr>\n<tr>\n<td data-column=\"Nome\">__Secure-3PSID<\/td>\n<td data-column=\"Dominio\">google.com<\/td>\n<td data-column=\"Scadenza\">Persistenter Cookie: 1 Jahre<\/td>\n<td data-column=\"Descrizione\">Cookie erforderlich, um die Optionen und Dienste der Website zu nutzen.<\/td>\n<\/tr>\n<tr>\n<td data-column=\"Nome\">__Secure-1PSID<\/td>\n<td data-column=\"Dominio\">google.com<\/td>\n<td data-column=\"Scadenza\">Persistenter Cookie: 2 Jahre<\/td>\n<td data-column=\"Descrizione\">Cookie erforderlich, um die Optionen und Dienste der Website zu nutzen.<\/td>\n<\/tr>\n<tr>\n<td data-column=\"Nome\">SID<\/td>\n<td data-column=\"Dominio\">google.com<\/td>\n<td data-column=\"Scadenza\">Persistenter Cookie: 2 Jahre<\/td>\n<td data-column=\"Descrizione\">Laden Sie einige Google-Tools herunter und speichern Sie bestimmte Einstellungen, beispielsweise die Anzahl der Suchergebnisse pro Seite oder die Aktivierung des SafeSearch-Filters. Passen Sie die in der Google-Suche angezeigten Anzeigen an.<\/td>\n<\/tr>\n<tr>\n<td data-column=\"Nome\">SSID<\/td>\n<td data-column=\"Dominio\">google.com<\/td>\n<td data-column=\"Scadenza\">Persistenter Cookie: 2 Jahre<\/td>\n<td data-column=\"Descrizione\">Laden Sie einige Google-Tools herunter und speichern Sie bestimmte Einstellungen, beispielsweise die Anzahl der Suchergebnisse pro Seite oder die Aktivierung des SafeSearch-Filters. Passen Sie die in der Google-Suche angezeigten Anzeigen an.<\/td>\n<\/tr>\n<tr>\n<td data-column=\"Nome\">HSID<\/td>\n<td data-column=\"Dominio\">google.com<\/td>\n<td data-column=\"Scadenza\">Persistenter Cookie: 2 Jahre<\/td>\n<td data-column=\"Descrizione\">Laden Sie einige Google-Tools herunter und speichern Sie bestimmte Einstellungen, beispielsweise die Anzahl der Suchergebnisse pro Seite oder die Aktivierung des SafeSearch-Filters. Passen Sie die in der Google-Suche angezeigten Anzeigen an.<\/td>\n<\/tr>\n<tr>\n<td data-column=\"Nome\">APISID<\/td>\n<td data-column=\"Dominio\">google.com<\/td>\n<td data-column=\"Scadenza\">Persistenter Cookie: 2 Jahre<\/td>\n<td data-column=\"Descrizione\">Laden Sie einige Google-Tools herunter und speichern Sie bestimmte Einstellungen, beispielsweise die Anzahl der Suchergebnisse pro Seite oder die Aktivierung des SafeSearch-Filters. Passen Sie die in der Google-Suche angezeigten Anzeigen an.<\/td>\n<\/tr>\n<tr>\n<td data-column=\"Nome\">SIDCC<\/td>\n<td data-column=\"Dominio\">google.com<\/td>\n<td data-column=\"Scadenza\">Persistenter Cookie: 2 Jahre<\/td>\n<td data-column=\"Descrizione\">Laden Sie einige Google-Tools herunter und speichern Sie bestimmte Einstellungen, beispielsweise die Anzahl der Suchergebnisse pro Seite oder die Aktivierung des SafeSearch-Filters. Passen Sie die in der Google-Suche angezeigten Anzeigen an.<\/td>\n<\/tr>\n<tr>\n<td data-column=\"Nome\">1P_JAR<\/td>\n<td data-column=\"Dominio\">google.com<\/td>\n<td data-column=\"Scadenza\">Persistenter Cookie: 1 Monat<\/td>\n<td data-column=\"Descrizione\">Diese Cookies werden \u00fcber Google iframe gesetzt. Es werden anonyme statistische Daten erfasst, beispielsweise wie oft das Video angesehen wird und welche Einstellungen f\u00fcr die Wiedergabe verwendet werden.<\/td>\n<\/tr>\n<tr>\n<td data-column=\"Nome\">DV<\/td>\n<td data-column=\"Dominio\">google.com<\/td>\n<td data-column=\"Scadenza\">Persistenter Cookie: 2 Jahre<\/td>\n<td data-column=\"Descrizione\">Cookie erforderlich, um die Optionen und Dienste der Website zu nutzen.<\/td>\n<\/tr>\n<tr>\n<td data-column=\"Nome\">CONSENT<\/td>\n<td data-column=\"Dominio\">google.com<\/td>\n<td data-column=\"Scadenza\">Persistenter Cookie: 2 Jahre<\/td>\n<td data-column=\"Descrizione\">Google-Cookie-Zustimmungs-Tracker<\/td>\n<\/tr>\n<tr>\n<td data-column=\"Nome\">NID<\/td>\n<td data-column=\"Dominio\">google.com<\/td>\n<td data-column=\"Scadenza\">Persistenter Cookie: 2 Jahre<\/td>\n<td data-column=\"Descrizione\">Dieses Cookie wird verwendet, um Statistiken zu sammeln und Website-Conversion-Raten und die Personalisierung von Google-Anzeigen zu verfolgen<\/td>\n<\/tr>\n<tr>\n<td data-column=\"Nome\">OTZ<\/td>\n<td data-column=\"Dominio\">google.com<\/td>\n<td data-column=\"Scadenza\">Persistenter Cookie: 2 Jahre<\/td>\n<td data-column=\"Descrizione\">Cookie erforderlich, um die Optionen und Dienste der Website zu nutzen.<\/td>\n<\/tr>\n<tr>\n<td data-column=\"Nome\">SEARCH_SAMESITE<\/td>\n<td data-column=\"Dominio\">google.com<\/td>\n<td data-column=\"Scadenza\">Persistenter Cookie: 6 Monate<\/td>\n<td data-column=\"Descrizione\">SameSite verhindert, dass der Browser dieses Cookie zusammen mit Cross-Site-Anfragen sendet. Das Hauptziel besteht darin, das Risiko von Cross-Origin-Informationslecks zu verringern. Es bietet auch einen gewissen Schutz gegen Cross-Site-Request-Forgery-Angriffe.<\/td>\n<\/tr>\n<tr>\n<td data-column=\"Link opt Out\">Link Opt Out:\u00a0<a href=\"https:\/\/myaccount.google.com\/?pli=1\" target=\"_blank\" rel=\"noopener\">https:\/\/myaccount.google.com\/?pli=1<\/a><\/td>\n<\/tr>\n<\/tbody>\n<\/table>\n<h4>Marketing<\/h4>\n<p>Marketing-Cookies werden verwendet, um Besucher auf Websites zu verfolgen. Der Zweck besteht darin, Anzeigen zu pr\u00e4sentieren, die f\u00fcr den einzelnen Benutzer relevant und ansprechend sind und daher f\u00fcr Drittanbieter und Werbetreibende von gr\u00f6\u00dferem Wert sind. <strong>Marketing-Cookies werden auf dieser Seite nicht verwendet.<\/strong><\/p>\n<h4><strong class=\"h5\">Einstellungen<\/strong><\/h4>\n<p>Pr\u00e4ferenz-Cookies erm\u00f6glichen es der Website, Informationen zu speichern, die ihr Verhalten oder Aussehen beeinflussen, wie z. B. Ihre bevorzugte Sprache oder der Ort, an dem Sie sich befinden. <strong class=\"h5\">Einstellungen<\/strong><strong>-Cookies werden auf dieser Seite nicht verwendet.<\/strong><\/p>\n<h3 class=\"h5\">VERWALTUNG VON COOKIES VOM BROWSER<\/h3>\n<p>Einige Leute ziehen es vor, Cookies nicht zuzulassen, und aus diesem Grund bieten fast alle Browser die M\u00f6glichkeit, sie zu verwalten, um Benutzereinstellungen zu respektieren.<br \/>\nEinige Browser begrenzen oder l\u00f6schen Cookies, daher ist es ratsam, Ihre Einstellungen zu \u00fcberpr\u00fcfen.<\/p>\n<ul>\n<li><strong>Chrome:<\/strong> <a href=\"https:\/\/support.google.com\/chrome\/answer\/95647?hl=it\" target=\"_blank\" rel=\"noopener\">https:\/\/support.google.com\/chrome\/answer\/95647?hl=it<\/a><\/li>\n<li><strong>Internet Explorer:<\/strong> <a href=\"http:\/\/windows.microsoft.com\/it-it\/internet-explorer\/delete-manage-cookies\" target=\"_blank\" rel=\"noopener\">http:\/\/windows.microsoft.com\/it-it\/internet-explorer\/delete-manage-cookies<\/a><\/li>\n<li><strong>Opera:<\/strong> <a href=\"http:\/\/help.opera.com\/Windows\/10.00\/it\/cookies.html\" target=\"_blank\" rel=\"noopener\">http:\/\/help.opera.com\/Windows\/10.00\/it\/cookies.html<\/a><\/li>\n<li><strong>Safari:<\/strong> <a href=\"http:\/\/support.apple.com\/kb\/HT1677?viewlocale=it_IT\" target=\"_blank\" rel=\"noopener\">http:\/\/support.apple.com\/kb\/HT1677?viewlocale=it_IT<\/a><\/li>\n<\/ul>\n<p><span class=\"bold\"><a href=\"https:\/\/casabava.it\/de\/privacy-policy\/\"><br \/>\nKONSULTIEREN SIE DIE DATENSCHUTZERKL\u00c4RUNG<\/a><\/span><\/p>\n<\/div>\n","protected":false},"excerpt":{"rendered":"<p>Informationen zu Cookies Erkl\u00e4rung aktualisiert am: 30\/06\/2022 &nbsp; WAS SIND Cookies sind kleine Textdateien, die auf Ihrem Computer oder Mobilger\u00e4t gespeichert werden, wenn Sie unsere Website besuchen. WOF\u00dcR SIND SIE Cookies werden von uns verwendet, um dem Benutzer die beste Erfahrung auf unserer Website zu gew\u00e4hrleisten. Diese Seite verwendet Cookies, auch von Drittanbietern. ARTEN VON &#8230;<\/p>\n","protected":false},"author":1,"featured_media":0,"parent":0,"menu_order":0,"comment_status":"closed","ping_status":"closed","template":"","meta":{"footnotes":""},"_links":{"self":[{"href":"https:\/\/casabava.it\/de\/wp-json\/wp\/v2\/pages\/245"}],"collection":[{"href":"https:\/\/casabava.it\/de\/wp-json\/wp\/v2\/pages"}],"about":[{"href":"https:\/\/casabava.it\/de\/wp-json\/wp\/v2\/types\/page"}],"author":[{"embeddable":true,"href":"https:\/\/casabava.it\/de\/wp-json\/wp\/v2\/users\/1"}],"replies":[{"embeddable":true,"href":"https:\/\/casabava.it\/de\/wp-json\/wp\/v2\/comments?post=245"}],"version-history":[{"count":5,"href":"https:\/\/casabava.it\/de\/wp-json\/wp\/v2\/pages\/245\/revisions"}],"predecessor-version":[{"id":956,"href":"https:\/\/casabava.it\/de\/wp-json\/wp\/v2\/pages\/245\/revisions\/956"}],"wp:attachment":[{"href":"https:\/\/casabava.it\/de\/wp-json\/wp\/v2\/media?parent=245"}],"curies":[{"name":"wp","href":"https:\/\/api.w.org\/{rel}","templated":true}]}}