

{"id":910,"date":"2022-06-08T12:31:46","date_gmt":"2022-06-08T10:31:46","guid":{"rendered":"https:\/\/casabava.it\/?page_id=910"},"modified":"2022-06-08T12:31:46","modified_gmt":"2022-06-08T10:31:46","slug":"produkte-anfordern","status":"publish","type":"page","link":"https:\/\/casabava.it\/de\/produkte-anfordern\/","title":{"rendered":"Produkte anfordern"},"content":{"rendered":"\r\n<p>F\u00fcllen Sie dieses Formular aus, um Ihre Bestellanfrage zu senden. Geben Sie Ihren Namen, Ihre E-Mail-Adresse und\/oder Telefonnummer und Ihre Adresse an; Geben Sie f\u00fcr jedes ausgew\u00e4hlte Produkt die gew\u00fcnschte Menge an und geben Sie Ihre Notizen ein. Wir werden so schnell wie m\u00f6glich antworten.<\/p>\r\n\r\n\r\n\r\n<p>HINWEIS: Das Ausf\u00fcllen des Formulars hat keinen Kaufwert und Sie m\u00fcssen keine Zahlung leisten. Mit dem Ausf\u00fcllen des Formulars senden Sie eine Buchungsanfrage an Casa Bava, die Ihnen dann best\u00e4tigt wird.<\/p>\r\n\r\n\r\n<div class=\"woocommerce\" id=\"pi-enquiry-container\">\r\n<table class=\"enquiry-cart-content-table\" cellspacing=\"0\">\r\n\t\t<thead>\r\n\t\t\t<tr>\r\n\t\t\t\t<th class=\"product-remove\">&nbsp;<\/th>\r\n\t\t\t\t<th class=\"product-thumbnail\">&nbsp;<\/th>\r\n\t\t\t\t<th class=\"product-name\">Produkt<\/th>\r\n\t\t\t\t\t\t\t\t<th class=\"product-price\">Preis<\/th>\r\n\t\t\t\t\t\t\t\t<th class=\"product-quantity\">Anzahl<\/th>\r\n\t\t\t\t<th class=\"product-message\">Botschaft<\/th>\r\n\t\t\t<\/tr>\r\n\t\t<\/thead>\r\n        <tbody id=\"pi-enquiry-list-row\">\r\n                <\/tbody>\r\n<\/table>\r\n<form method=\"post\" id=\"pi-eqw-enquiry-form\"><div class=\"pi-row type-text\" id=\"field-container-pi_name\"><div class=\"pi-col-12\"><input type=\"text\" name=\"pi_name\" required placeholder=\"Name *\" class=\"pi-form-control\"     data-msg-required=\"Dieses Feld wird ben\u00f6tigt.\" \/><\/div><\/div><div class=\"pi-row type-email\" id=\"field-container-pi_email\"><div class=\"pi-col-12\"><input type=\"email\" name=\"pi_email\" required placeholder=\"Email *\" class=\"pi-form-control\"   data-msg-required=\"Dieses Feld wird ben\u00f6tigt.\"  data-msg-email=\"Bitte geben Sie eine g\u00fcltige E-Mail-Adresse ein\" \/><\/div><\/div><div class=\"pi-row type-text\" id=\"field-container-pi_phone\"><div class=\"pi-col-12\"><input type=\"text\" name=\"pi_phone\" required placeholder=\"Telefon *\" class=\"pi-form-control\"   data-rule-digits    data-msg-digits=\"Bitte gib nur Ziffern ein\"  data-msg-required=\"Dieses Feld wird ben\u00f6tigt.\" \/><\/div><\/div><div class=\"pi-row type-text\" id=\"field-container-pi_subject\"><div class=\"pi-col-12\"><input type=\"text\" name=\"pi_subject\" required placeholder=\"Address *\" class=\"pi-form-control\"     data-msg-required=\"Dieses Feld wird ben\u00f6tigt.\" \/><\/div><\/div><div class=\"pi-row type-textarea\" id=\"field-container-pi_message\"><div class=\"pi-col-12\"><textarea name=\"pi_message\" required placeholder=\"Botschaft *\" class=\"pi-form-control\"  data-msg-required=\"Dieses Feld wird ben\u00f6tigt.\" ><\/textarea><\/div><\/div><span style=\"display:none; visibility:hidden;\"><input type=\"text\" name=\"name_yenoh\" style=\"display:none;\"\/><\/span><div class=\"pi-row type-submit\" id=\"field-container-pi_submit\"><div class=\"pi-col-12\"><input type=\"submit\" value=\"Anfrage senden\" class=\"pi-btn pi-btn-primary pi-submit-enq-button\" \/><\/div><\/div><\/form><\/div>\r\n\r\n\r\n\r\n<br \/> <br \/><p><a href=\"\/selezione-casa-bava\/\" title=\"apri la pagina\" class=\"bavaBtn\">Gehen Sie zur Casa Bava Selection<\/a>                                                                                                                                                                                                                                                      <\/p>\r\n","protected":false},"excerpt":{"rendered":"<p>F\u00fcllen Sie dieses Formular aus, um Ihre Bestellanfrage zu senden. Geben Sie Ihren Namen, Ihre E-Mail-Adresse und\/oder Telefonnummer und Ihre Adresse an; Geben Sie f\u00fcr jedes ausgew\u00e4hlte Produkt die gew\u00fcnschte Menge an und geben Sie Ihre Notizen ein. Wir werden so schnell wie m\u00f6glich antworten. HINWEIS: Das Ausf\u00fcllen des Formulars hat keinen Kaufwert und Sie &#8230;<\/p>\n","protected":false},"author":1,"featured_media":0,"parent":0,"menu_order":0,"comment_status":"closed","ping_status":"closed","template":"","meta":{"footnotes":""},"_links":{"self":[{"href":"https:\/\/casabava.it\/de\/wp-json\/wp\/v2\/pages\/910"}],"collection":[{"href":"https:\/\/casabava.it\/de\/wp-json\/wp\/v2\/pages"}],"about":[{"href":"https:\/\/casabava.it\/de\/wp-json\/wp\/v2\/types\/page"}],"author":[{"embeddable":true,"href":"https:\/\/casabava.it\/de\/wp-json\/wp\/v2\/users\/1"}],"replies":[{"embeddable":true,"href":"https:\/\/casabava.it\/de\/wp-json\/wp\/v2\/comments?post=910"}],"version-history":[{"count":2,"href":"https:\/\/casabava.it\/de\/wp-json\/wp\/v2\/pages\/910\/revisions"}],"predecessor-version":[{"id":913,"href":"https:\/\/casabava.it\/de\/wp-json\/wp\/v2\/pages\/910\/revisions\/913"}],"wp:attachment":[{"href":"https:\/\/casabava.it\/de\/wp-json\/wp\/v2\/media?parent=910"}],"curies":[{"name":"wp","href":"https:\/\/api.w.org\/{rel}","templated":true}]}}