

{"id":238,"date":"2021-01-18T10:42:27","date_gmt":"2021-01-18T09:42:27","guid":{"rendered":"http:\/\/casabava.it\/?page_id=238"},"modified":"2022-06-08T17:49:06","modified_gmt":"2022-06-08T15:49:06","slug":"cookie-policy","status":"publish","type":"page","link":"https:\/\/casabava.it\/it\/cookie-policy\/","title":{"rendered":"Cookie Policy"},"content":{"rendered":"<div class=\"cli_pg_page_contaner\">\n<h4 class=\"h5\">Informativa sui Cookies<br \/>\nDichiarazione aggiornata il: 30\/06\/2022<\/h4>\n<p>&nbsp;<\/p>\n<h3>COSA SONO<\/h3>\n<p>I cookie sono piccoli file di testo memorizzati nel computer o nel dispositivo mobile dell\u2019utente quando visita il nostro sito web.<\/p>\n<h3>A COSA SERVONO<\/h3>\n<p>I cookie sono da noi utilizzati per assicurare all\u2019utente la migliore esperienza nel nostro sito. Questo sito utilizza i cookie, anche di terze parti.<\/p>\n<h3>TIPOLOGIE DI COOKIE<\/h3>\n<p>I cookie sono categorizzati come segue.<\/p>\n<p><strong>Cookie di sessione<\/strong>. Cookie automaticamente cancellati quando l\u2019utente chiude il browser.<br \/>\n<strong>Cookie persistenti<\/strong>. Cookie che restano memorizzati nel dispositivo dell\u2019utente sino al raggiungimento di una determinata data di terminazione (in termini di minuti, giorni o anni dalla creazione\/aggiornamento del cookie).<br \/>\n<strong>Cookies first-party<\/strong>. Cookie proprietari, che sono leggibili dal solo dominio che si sta visitando.<br \/>\n<strong>Cookies di terze parti<\/strong>. Cookie memorizzati per conto di soggetti terzi.<\/p>\n<p>E\u2019 possibile controllare ed eliminare i singoli cookie utilizzando le impostazioni della maggior parte dei browser. Ci\u00f2, tuttavia, potrebbe impedire di utilizzare correttamente alcune funzioni del nostro sito web. Per saperne di pi\u00f9 \u00e8 possibile fare riferimento a <a href=\"http:\/\/www.aboutcookies.org\/\" target=\"_blank\" rel=\"noopener\">www.aboutcookies.org<\/a> o <a href=\"http:\/\/www.allaboutcookies.org\/\" target=\"_blank\" rel=\"noopener\">www.allaboutcookies.org<\/a>.<\/p>\n<h3>GESTIONE DEI COOKIE DIRETTAMENTE DAL SITO<\/h3>\n<p>Per ottimizzare la tua esperienza anche nella gestione dei cookie, abbiamo deciso di organizzare i cookie utilizzati da questo sito in quattro categorie, in base alle finalit\u00e0 perseguite: essential, comfort, performance, advertising.<br \/>\nL\u2019utente ha la possibilit\u00e0, in qualunque momento, di abilitare e disabilitare direttamente dal sito ogni categoria specifica di cookie (con l\u2019eccezione dei cookie di tipo essential, strettamente necessari). Nel caso di cookie di terze parti, la disabilitazione comporta il non utilizzo del cookie da parte di questo sito (e non la relativa cancellazione).<\/p>\n<h4>Cookies strettamente necessari<\/h4>\n<p>Questi cookie sono essenziali per il corretto funzionamento del nostro sito web. Senza questi cookie, il sito web non funzionerebbe correttamente.<br \/>\n<strong>Di seguito \u00e8 riportata la lista dei cookies necessari utilizzati su questo sito, con le loro caratteristiche.<\/strong><\/p>\n<div class=\"cookieBlock\">\n<table>\n<thead>\n<tr>\n<th scope=\"col\">Nome<\/th>\n<th scope=\"col\">Dominio<\/th>\n<th scope=\"col\">Scadenza<\/th>\n<th scope=\"col\">Descrizione<\/th>\n<\/tr>\n<\/thead>\n<tbody>\n<tr>\n<td data-column=\"Nome\">PHPSESSID<\/td>\n<td data-column=\"Dominio\">casabava.it<\/td>\n<td data-column=\"Scadenza\">Cookie di Sessione<\/td>\n<td data-column=\"Descrizione\">Il cookie PHPSESSID \u00e8 nativo di PHP e consente ai siti Web di memorizzare dati di stato serializzati.<\/td>\n<\/tr>\n<tr>\n<td data-column=\"Nome\">moove_gdpr_popup<\/td>\n<td data-column=\"Dominio\">casabava.it<\/td>\n<td data-column=\"Scadenza\">Cookie persistente: 1 anno<\/td>\n<td data-column=\"Descrizione\">Cookie tecnico utilizzato per memorizzare la scelta dell&#8217;utente sull&#8217;utilizzo dei cookie.<\/td>\n<\/tr>\n<\/tbody>\n<\/table>\n<\/div>\n<h4>Statistiche<\/h4>\n<p>I cookie statistici aiutano i proprietari del sito web a capire come i visitatori interagiscono con i siti raccogliendo e trasmettendo informazioni in forma anonima.<br \/>\n<strong>Su questo sito non vengono utilizzati cookies statistici.<\/strong><\/p>\n<h4>Cookies di terze parti<\/h4>\n<p>Questo utilizza il servizio\u00a0<strong>Google Maps<\/strong>\u00a0per visualizzare la localizzazione geografica della sede di Atlantidee.<br \/>\nI Cookies utilizzati da\u00a0<strong>Google Maps<\/strong>\u00a0sono necessari per il funzionamento delle mappe dinamiche. Il contenuto e la loro creazione non sono direttamente controllabili poich\u00e9 generati automaticamente all&#8217;inclusione della mappa dinamica.<br \/>\n<strong>Di seguito \u00e8 riportata la lista dei cookies utilizzati su questo sito, con le loro caratteristiche.<\/strong><\/p>\n<table>\n<thead>\n<tr>\n<th scope=\"col\">Nome<\/th>\n<th scope=\"col\">Dominio<\/th>\n<th scope=\"col\">Scadenza<\/th>\n<th scope=\"col\">Descrizione<\/th>\n<\/tr>\n<\/thead>\n<tbody>\n<tr>\n<td data-column=\"Nome\">__Secure-3PSIDCC<\/td>\n<td data-column=\"Dominio\">google.com<\/td>\n<td data-column=\"Scadenza\">Cookie persistente: 6 mesi<\/td>\n<td data-column=\"Descrizione\">Utilizzato per fini pubblicitari da Google.<\/td>\n<\/tr>\n<tr>\n<td data-column=\"Nome\">__Secure-1PAPISID<\/td>\n<td data-column=\"Dominio\">google.com<\/td>\n<td data-column=\"Scadenza\">Cookie persistente: 2 anni<\/td>\n<td data-column=\"Descrizione\">Cookie necessario per utilizzare le opzioni e i servizi del sito web.<\/td>\n<\/tr>\n<tr>\n<td data-column=\"Nome\">SAPISID<\/td>\n<td data-column=\"Dominio\">google.com<\/td>\n<td data-column=\"Scadenza\">Cookie persistente: 2 anni<\/td>\n<td data-column=\"Descrizione\">Scarica alcuni strumenti di Google e salva determinate preferenze, per esempio il numero di risultati di ricerca per pagina o l&#8217;attivazione del Filtro SafeSearch.Regola gli annunci visualizzati in Ricerca Google.<\/td>\n<\/tr>\n<tr>\n<td data-column=\"Nome\">__Secure-3PSID<\/td>\n<td data-column=\"Dominio\">google.com<\/td>\n<td data-column=\"Scadenza\">Cookie persistente: 1 anno<\/td>\n<td data-column=\"Descrizione\">Cookie necessario per utilizzare le opzioni e i servizi del sito web.<\/td>\n<\/tr>\n<tr>\n<td data-column=\"Nome\">__Secure-1PSID<\/td>\n<td data-column=\"Dominio\">google.com<\/td>\n<td data-column=\"Scadenza\">Cookie persistente: 2 anni<\/td>\n<td data-column=\"Descrizione\">Cookie necessario per utilizzare le opzioni e i servizi del sito web.<\/td>\n<\/tr>\n<tr>\n<td data-column=\"Nome\">SID<\/td>\n<td data-column=\"Dominio\">google.com<\/td>\n<td data-column=\"Scadenza\">Cookie persistente: 2 anni<\/td>\n<td data-column=\"Descrizione\">Scarica alcuni strumenti di Google e salva determinate preferenze, per esempio il numero di risultati di ricerca per pagina o l&#8217;attivazione del Filtro SafeSearch. Regola gli annunci visualizzati in Ricerca Google.<\/td>\n<\/tr>\n<tr>\n<td data-column=\"Nome\">SSID<\/td>\n<td data-column=\"Dominio\">google.com<\/td>\n<td data-column=\"Scadenza\">Cookie persistente: 2 anni<\/td>\n<td data-column=\"Descrizione\">Scarica alcuni strumenti di Google e salva determinate preferenze, per esempio il numero di risultati di ricerca per pagina o l&#8217;attivazione del Filtro SafeSearch. Regola gli annunci visualizzati in Ricerca Google.<\/td>\n<\/tr>\n<tr>\n<td data-column=\"Nome\">HSID<\/td>\n<td data-column=\"Dominio\">google.com<\/td>\n<td data-column=\"Scadenza\">Cookie persistente: 2 anni<\/td>\n<td data-column=\"Descrizione\">Scarica alcuni strumenti di Google e salva determinate preferenze, per esempio il numero di risultati di ricerca per pagina o l&#8217;attivazione del Filtro SafeSearch. Regola gli annunci visualizzati in Ricerca Google.<\/td>\n<\/tr>\n<tr>\n<td data-column=\"Nome\">APISID<\/td>\n<td data-column=\"Dominio\">google.com<\/td>\n<td data-column=\"Scadenza\">Cookie persistente: 2 anni<\/td>\n<td data-column=\"Descrizione\">Scarica alcuni strumenti di Google e salva determinate preferenze, per esempio il numero di risultati di ricerca per pagina o l&#8217;attivazione del Filtro SafeSearch. Regola gli annunci visualizzati in Ricerca Google.<\/td>\n<\/tr>\n<tr>\n<td data-column=\"Nome\">SIDCC<\/td>\n<td data-column=\"Dominio\">google.com<\/td>\n<td data-column=\"Scadenza\">Cookie persistente: 2 anni<\/td>\n<td data-column=\"Descrizione\">Scarica alcuni strumenti di Google e salva determinate preferenze, per esempio il numero di risultati di ricerca per pagina o l&#8217;attivazione del Filtro SafeSearch. Regola gli annunci visualizzati in Ricerca Google.<\/td>\n<\/tr>\n<tr>\n<td data-column=\"Nome\">1P_JAR<\/td>\n<td data-column=\"Dominio\">google.com<\/td>\n<td data-column=\"Scadenza\">Cookie persistente: 1 mese<\/td>\n<td data-column=\"Descrizione\">Questi cookie vengono impostati tramite iframe di Google. si registrano dati statistici anonimi su per esempio quante volte il viene visualizzato il video e quali impostazioni vengono utilizzate per la riproduzione.<\/td>\n<\/tr>\n<tr>\n<td data-column=\"Nome\">DV<\/td>\n<td data-column=\"Dominio\">google.com<\/td>\n<td data-column=\"Scadenza\">Cookie persistente: 2 anni<\/td>\n<td data-column=\"Descrizione\">Cookie necessario per utilizzare le opzioni e i servizi del sito web.<\/td>\n<\/tr>\n<tr>\n<td data-column=\"Nome\">CONSENT<\/td>\n<td data-column=\"Dominio\">google.com<\/td>\n<td data-column=\"Scadenza\">Cookie persistente: 2 anni<\/td>\n<td data-column=\"Descrizione\">Google cookie consent tracker<\/td>\n<\/tr>\n<tr>\n<td data-column=\"Nome\">NID<\/td>\n<td data-column=\"Dominio\">google.com<\/td>\n<td data-column=\"Scadenza\">Cookie persistente: 2 anni<\/td>\n<td data-column=\"Descrizione\">Questo cookie viene utilizzato per raccogliere statistiche e tracciare il sito web tassi di conversione e personalizzazione degli annunci Google<\/td>\n<\/tr>\n<tr>\n<td data-column=\"Nome\">OTZ<\/td>\n<td data-column=\"Dominio\">google.com<\/td>\n<td data-column=\"Scadenza\">Cookie persistente: 2 anni<\/td>\n<td data-column=\"Descrizione\">Cookie necessario per utilizzare le opzioni e i servizi del sito web.<\/td>\n<\/tr>\n<tr>\n<td data-column=\"Nome\">SEARCH_SAMESITE<\/td>\n<td data-column=\"Dominio\">google.com<\/td>\n<td data-column=\"Scadenza\">Cookie persistente: 6 mesi<\/td>\n<td data-column=\"Descrizione\">SameSite impedisce al browser di inviare questo cookie insieme a richieste cross-site.L&#8217;obiettivo principale \u00e8 ridurre il rischio di cross-origine fuga di informazioni.Fornisce inoltre una certa protezione contro gli attacchi di falsificazione di richieste tra siti.<\/td>\n<\/tr>\n<tr>\n<td data-column=\"Link opt Out\">Link Opt Out:\u00a0<a href=\"https:\/\/myaccount.google.com\/?pli=1\" target=\"_blank\" rel=\"noopener\">https:\/\/myaccount.google.com\/?pli=1<\/a><\/td>\n<\/tr>\n<\/tbody>\n<\/table>\n<h4>Marketing<\/h4>\n<p>I cookie di marketing vengono utilizzati per tracciare i visitatori sui siti web. La finalit\u00e0 \u00e8 quella di presentare annunci pubblicitari che siano rilevanti e coinvolgenti per il singolo utente e quindi di maggior valore per editori e inserzionisti di terze parti.\u00a0<strong>Su questo sito non vengono utilizzato cookies di marketing.<\/strong><\/p>\n<h4>Preferenze<\/h4>\n<p>I cookie di preferenza consentono al sito web di memorizzare informazioni che ne influenzano il comportamento o l&#8217;aspetto, quali la lingua preferita o la localit\u00e0 nella quale ti trovi.\u00a0<strong>Su questo sito non vengono utilizzato cookies di preferenze.<\/strong><\/p>\n<h3>GESTIONE DEI COOKIE DAL BROWSER<\/h3>\n<p>Alcune persone preferiscono non abilitare i cookie e per questo motivo quasi tutti i browser offrono la possibilit\u00e0 di gestirli in modo da rispettare le preferenze degli utenti.<br \/>\nAlcuni browsers limitano o eliminano cookies, perci\u00f2 \u00e8 consigliabile verificare le tue impostazioni.<\/p>\n<ul>\n<li><strong>Chrome:<\/strong> <a href=\"https:\/\/support.google.com\/chrome\/answer\/95647?hl=it\" target=\"_blank\" rel=\"noopener\">https:\/\/support.google.com\/chrome\/answer\/95647?hl=it<\/a><\/li>\n<li><strong>Internet Explorer:<\/strong> <a href=\"http:\/\/windows.microsoft.com\/it-it\/internet-explorer\/delete-manage-cookies\" target=\"_blank\" rel=\"noopener\">http:\/\/windows.microsoft.com\/it-it\/internet-explorer\/delete-manage-cookies<\/a><\/li>\n<li><strong>Opera:<\/strong> <a href=\"http:\/\/help.opera.com\/Windows\/10.00\/it\/cookies.html\" target=\"_blank\" rel=\"noopener\">http:\/\/help.opera.com\/Windows\/10.00\/it\/cookies.html<\/a><\/li>\n<li><strong>Safari:<\/strong> <a href=\"http:\/\/support.apple.com\/kb\/HT1677?viewlocale=it_IT\" target=\"_blank\" rel=\"noopener\">http:\/\/support.apple.com\/kb\/HT1677?viewlocale=it_IT<\/a><\/li>\n<\/ul>\n<p><span class=\"bold\"><a href=\"https:\/\/casabava.it\/it\/privacy-policy\/\">CONSULTA L\u2019INFORMATIVA SULLA PRIVACY<\/a><\/span><\/p>\n<\/div>\n","protected":false},"excerpt":{"rendered":"<p>Informativa sui Cookies Dichiarazione aggiornata il: 30\/06\/2022 &nbsp; COSA SONO I cookie sono piccoli file di testo memorizzati nel computer o nel dispositivo mobile dell\u2019utente quando visita il nostro sito web. A COSA SERVONO I cookie sono da noi utilizzati per assicurare all\u2019utente la migliore esperienza nel nostro sito. Questo sito utilizza i cookie, anche &#8230;<\/p>\n","protected":false},"author":1,"featured_media":0,"parent":0,"menu_order":0,"comment_status":"closed","ping_status":"closed","template":"","meta":{"footnotes":""},"_links":{"self":[{"href":"https:\/\/casabava.it\/it\/wp-json\/wp\/v2\/pages\/238"}],"collection":[{"href":"https:\/\/casabava.it\/it\/wp-json\/wp\/v2\/pages"}],"about":[{"href":"https:\/\/casabava.it\/it\/wp-json\/wp\/v2\/types\/page"}],"author":[{"embeddable":true,"href":"https:\/\/casabava.it\/it\/wp-json\/wp\/v2\/users\/1"}],"replies":[{"embeddable":true,"href":"https:\/\/casabava.it\/it\/wp-json\/wp\/v2\/comments?post=238"}],"version-history":[{"count":16,"href":"https:\/\/casabava.it\/it\/wp-json\/wp\/v2\/pages\/238\/revisions"}],"predecessor-version":[{"id":957,"href":"https:\/\/casabava.it\/it\/wp-json\/wp\/v2\/pages\/238\/revisions\/957"}],"wp:attachment":[{"href":"https:\/\/casabava.it\/it\/wp-json\/wp\/v2\/media?parent=238"}],"curies":[{"name":"wp","href":"https:\/\/api.w.org\/{rel}","templated":true}]}}