

{"id":3,"date":"2020-12-02T13:07:28","date_gmt":"2020-12-02T12:07:28","guid":{"rendered":"http:\/\/casabava.it\/?page_id=3"},"modified":"2022-06-08T15:34:06","modified_gmt":"2022-06-08T13:34:06","slug":"privacy-policy","status":"publish","type":"page","link":"https:\/\/casabava.it\/it\/privacy-policy\/","title":{"rendered":"Privacy Policy"},"content":{"rendered":"\r\n<p id=\"docDate\">Documento: MOD01 &#8211; Revisione 30\/06\/2022<\/p>\r\n                        <p id=\"societa\">Enoteca Casa Bava <\/p>\r\n                        <div class=\"cb\"><\/div>\r\n                        <strong>INFORMATIVA SUL TRATTAMENTO DI DATI PERSONALI<\/strong>\r\n                        <h4>ai sensi dell&#8217;art. 13 del Decreto Legislativo 30 giugno 2003, n.196 e degli artt.13 e 14 del Reg. Europeo 679\/2016<\/h4>\r\n                        \r\n                        <br>\r\n\r\n                        <strong>\r\n                            Titolare del trattamento: \r\n                        <\/strong>\r\n                        <p>\r\n                            dei dati personali \u00e8 la sottoscritta <span class=\"bold\">Enoteca Casa Bava<\/span>, sede legale e operativa Piazza 27\/28 Maggio, 8 Cannobio (VB). I diritti di cui sopra potranno essere esercitati con richiesta rivolta senza formalit\u00e0 al titolare o ad uno dei responsabili, anche per tramite di un incaricato. La richiesta potr\u00e0 essere trasmessa anche mediante lettera raccomandata o posta elettronica all&#8217;indirizzo <a href=\"mailto:shop@casabava.it\" title=\"Invia una mail\">shop@casabava.it<\/a>.\r\n                        <\/p>\r\n\r\n                        <br>\r\n\r\n                        <strong>\r\n                            Trattamenti effettuati e finalit\u00e0:\r\n                        <\/strong>\r\n                        <p>\r\n                            Saranno raccolti i seguenti dati anagrafici e identificativi del referente che si interfaccer\u00e0 con la nostra societ\u00e0:\r\n\t                    <\/p>\r\n                        \r\n                        <ul>\r\n\t                        <li>1.1 Ragione Sociale della societ\u00e0 o centro servizi, identit\u00e0 dell&#8217;associazione, nome e cognome della ditta individuale;<\/li>\r\n\t                        <li>1.2 Indirizzo della sede legale, sede operativa o unit\u00e0 locali;<\/li>\r\n\t                        <li>1.3 Nome e cognome del legale rappresentante, responsabili, impiegati o addetti;<\/li>\r\n\t                        <li>1.4 Istituti di credito con la quale si ha rapporti e le relative coordinate bancarie;<\/li>\r\n\t                        <li>1.5 Numero di telefono del centralino, degli interni e telefax;<\/li>\r\n\t                        <li>1.6 Indirizzi di posta elettronica istituzionali e diretti;<\/li>\r\n\t                        <li>1.7 Documentazione relativa ai siti internet sviluppati per conto dei clienti.<\/li>\r\n\t                    <\/ul>\r\n\r\n                        <br>\r\n\r\n                        <strong>\r\n                            I dati saranno trattati per le finalit\u00e0 :\r\n                        <\/strong>\r\n                        <p>\r\n\t                        <span class=\"bold\">CLIENTI<\/span>\r\n\t                    <\/p>\r\n                        \r\n                        <ul>\r\n\t                        <li>a) Gestione dei rapporti con i clienti, acquisizione d\u00ec dati nel caso di fornitura di servizi, fornitura prodotti, acquisizione di dati per finanziamenti, noleggio o leasing di apparecchiature e software;<\/li>\r\n\t                        <li>b) Verifiche del grado di soddisfazione del cliente in merito ai servizi offerti da <span class=\"bold\">Enoteca Casa Bava<\/span>, mediante interviste personali, l&#8217;invio tramite fax, posta o posta elettronica di questionari;<\/li>\r\n\t                        <li>c) Attivit\u00e0 di promozione di prodotti o servizi offerti da <span class=\"bold\">Enoteca Casa Bava<\/span>, scambio di comunicazioni inerenti l&#8217;attivit\u00e0 economica, amministrativa e commerciale dell&#8217;azienda;<\/li>\r\n\t                        <li>d) Invio tramite fax, posta o posta elettronica di materiale pubblicitario sui servizi o prodotti offerti da <span class=\"bold\">Enoteca Casa Bava<\/span>;<\/li>\r\n\t                        <li>e) Promozione di manifestazioni quali Workshop, Convegni, Fiere dove <span class=\"bold\">Enoteca Casa Bava<\/span> ne \u00e8 organizzatrice o partecipante;<\/li>\r\n\t                        <li>f) Emissione di documenti di trasporto, fatture e note accredito, tenuta della contabilit\u00e0 ordinaria e IVA, gestione incassi e pagamenti.<\/li>\r\n                        <\/ul>\r\n\r\n                        <br>\r\n\r\n                        <p>Il <span class=\"bold underline\">conferimento dei dati personali<\/span> di cui sopra non \u00e8 obbligatorio, il rifiuto impedirebbe, con particolare riferimento al punto sub. lett. a), l&#8217;impossibilit\u00e0 da parte di <span class=\"bold\">Enoteca Casa Bava<\/span> di poter erogare in favore del cliente il servizio richiesto.<\/p>\r\n\r\n                        <br>\r\n\r\n                        <p>\r\n                            <span class=\"bold\">POTENZIALI CLIENTI<\/span> <br>\r\n                            Promozione di prodotti, servizi, manifestazioni quali Workshop, Convegni, Fiere dove <span class=\"bold\">Enoteca Casa Bava<\/span> ne \u00e8 organizzatrice o partecipante; consulenze aziendali, sviluppo di offerte per servizi \/ prestazioni di <span class=\"bold\">Enoteca Casa Bava<\/span>. <br>\r\n                            Oltre che per le finalit\u00e0 sopra descritte, i dati personali potranno essere altres\u00ec trattati per adempiere agli obblighi previsti dalla legge, da un regolamento o dalla normativa comunitaria.\r\n                        <\/p>\r\n\r\n                        <br>\r\n\r\n                        <strong>\r\n                            Modalit\u00e0 di raccolta dei dati\r\n                        <\/strong>\r\n\r\n                        <ul>\r\n                            <li>Direttamente presso l&#8217;interessato o presso le sedi di <span class=\"bold\">Enoteca Casa Bava<\/span>, al momento dell&#8217;instaurazione del rapporto commerciale, della commissione di un ordine, della richiesta di un&#8217;offerta o alla stipula di un contratto;<\/li>\r\n                            <li>b) Direttamente dall&#8217;interessato attraverso comunicazioni via fax o via e-mail;<\/li>\r\n                            <li>c) Direttamente presso l&#8217;interessato in occasione di visite commerciali per la proposta di prodotti o servizi oggetto dell&#8217;attivit\u00e0 di <span class=\"bold\">Enoteca Casa Bava<\/span>;<\/li>\r\n                            <li>d) Direttamente dall&#8217;interessato attraverso interviste telefoniche;<\/li>\r\n                            <li>e) Direttamente dall&#8217;interessato attraverso collaborazioni in partnership tra <span class=\"bold\">Enoteca Casa Bava<\/span>, e professionisti o studi professionali con quali lo stesso interessato ha rapporti d\u00ec collaborazione;<\/li>\r\n                            <li>f) Presso fonti pubbliche quali elenchi telefonici, inserzioni pubblicitarie da parte dell&#8217;interessato, attraverso siti internet che sono in possesso ed autorizzati al trattamento di tali dati personali;<\/li>\r\n                            <li>g) attraverso i siti internet di propriet\u00e0 <span class=\"bold\">Enoteca Casa Bava<\/span> contestualmente all&#8217;iscrizione a newsletter <span class=\"bold\">Enoteca Casa Bava<\/span>;<\/li>\r\n                        <\/ul>\r\n\r\n                        <p>\r\n                            La presente informativa viene resa all&#8217;interessato, od alla persona presso la quale i dati sono raccolti, al momento dell&#8217;inizio del rapporto, verranno poi registrati e raccolti presso <span class=\"bold\">Enoteca Casa Bava<\/span>, con sede operativa in Piazza 27\/28 Maggio, 8 Cannobio (VB). I dati verranno trattati nel rispetto del codice di protezione dei dati personali, custoditi in maniera tale da assicurare la riservatezza, evitarne la distruzione o utilizzo da parte di terzi estranei a <span class=\"bold\">Enoteca Casa Bava<\/span>.<br><br>\r\n                            Il trattamento dei dati sar\u00e0 effettuato manualmente (ad esempio, su supporto cartaceo) e\/o attraverso strumenti automatizzati (ad esempio, utilizzando procedure e supporti elettronici), con logiche correlate alle finalit\u00e0 sopra indicate e, comunque, in modo da garantire la sicurezza e la riservatezza dei dati, protetti da dispositivi e antivirus che impediscono a terzi non autorizzati d\u00ec accedere ai dati.\r\n                        <\/p>\r\n\r\n                        <br>\r\n\r\n                        <strong>\r\n                            Comunicazione dei dati e ambito di diffusione:\r\n                        <\/strong>\r\n\r\n                        <p>\r\n                            I dati potranno essere comunicati alle seguenti categorie di soggetti di cui si avvale per l&#8217;espletamento di alcune attivit\u00e0 funzionali all&#8217;erogazione dei propri servizi: Studio Commercialista per adempimenti contabili\/fiscali; Societ\u00e0 o studi di consulenza aziendale, fiscale e legale, Banche per i pagamenti; Studio legale in caso di contenzioso; Pubblica Amministrazione per comunicazioni obbligatorie per legge; Societ\u00e0 che forniscono servizi per lo svolgimento dell&#8217;attivit\u00e0 per cui si \u00e8 entrato in contatto e che completino parzialmente o integralmente i servizi offerti, quali uffici postali, spedizionieri, corrieri. I dati non saranno trasferiti all&#8217;estero.\r\n                        <\/p>\r\n\r\n                        <br>\r\n\r\n                        <strong>\r\n                            Tempo di Conservazione:\r\n                        <\/strong>\r\n\r\n                        <p>I dati saranno conservati per il tempo necessario ad esplicare le finalit\u00e0 sopra riportate nel rispetto dei termini di legge, per il periodo corrispondente a necessit\u00e0 fiscali, contabili, amministrative e per documentare la nostra.<\/p>\r\n\r\n                        <br>\r\n\r\n                        <strong>\r\n                            Diritti dell&#8217;Interessato:\r\n                        <\/strong>\r\n\r\n                        <p>\r\n                            ai sensi degli artt. da 15 a 22 del Reg Europeo 679\/2016 Le viene riconosciuto e garantito il pieno diritto a: chiedere al Titolare del trattamento l&#8217;accesso ai dati personali e la rettifica o la cancellazione degli stessi o la limitazione del trattamento che la riguardano o di opporsi al loro trattamento, oltre al diritto alla portabilit\u00e0 dei dati. Tale diritto pu\u00f2 essere esercitato via mail a <a href=\"mailto:shop@casabava.it\" title=\"Invia una mail\">shop@casabava.it<\/a>. <br>\r\n                            Il Titolare interromper\u00e0 il trattamento nel momento in cui pervenga da parte sua la comunicazione di revoca del consenso precedentemente manifestato. <br><br>\r\n                            Per esercitare i propri diritti, l&#8217;interessato pu\u00f2 rivolgersi al seguente indirizzo <span class=\"bold\">Enoteca Casa Bava<\/span>, sede legale e operativa Piazza 27\/28 Maggio, 8 Cannobio (VB), all&#8217;attenzione del Responsabile del Trattamento Dati, oppure pu\u00f2 inviare una comunicazione a: <a href=\"mailto:shop@casabava.it\" title=\"Invia una mail\">shop@casabava.it<\/a>\r\n                        <\/p>\r\n\r\n                        <p><span>Reclamo all&#8217;autorit\u00e0 di controllo:<\/span> L&#8217;interessato ha diritto a proporre reclamo presso l&#8217;Autorit\u00e0 di Controllo nel caso in cui le proprie richieste di informazioni rivolte al Titolare non abbiano determinato risposte soddisfacenti. L&#8217;Autorit\u00e0 di riferimento \u00e8 Il Garante per la Protezione dei dati personali.<\/p>\r\n                        \r\n                        <br>\r\n                        <br>\r\n\r\n\r\n\r\n<p><\/p>\r\n","protected":false},"excerpt":{"rendered":"<p>Documento: MOD01 &#8211; Revisione 30\/06\/2022 Enoteca Casa Bava INFORMATIVA SUL TRATTAMENTO DI DATI PERSONALI ai sensi dell&#8217;art. 13 del Decreto Legislativo 30 giugno 2003, n.196 e degli artt.13 e 14 del Reg. Europeo 679\/2016 Titolare del trattamento: dei dati personali \u00e8 la sottoscritta Enoteca Casa Bava, sede legale e operativa Piazza 27\/28 Maggio, 8 Cannobio &#8230;<\/p>\n","protected":false},"author":1,"featured_media":0,"parent":0,"menu_order":0,"comment_status":"closed","ping_status":"closed","template":"","meta":{"footnotes":""},"_links":{"self":[{"href":"https:\/\/casabava.it\/it\/wp-json\/wp\/v2\/pages\/3"}],"collection":[{"href":"https:\/\/casabava.it\/it\/wp-json\/wp\/v2\/pages"}],"about":[{"href":"https:\/\/casabava.it\/it\/wp-json\/wp\/v2\/types\/page"}],"author":[{"embeddable":true,"href":"https:\/\/casabava.it\/it\/wp-json\/wp\/v2\/users\/1"}],"replies":[{"embeddable":true,"href":"https:\/\/casabava.it\/it\/wp-json\/wp\/v2\/comments?post=3"}],"version-history":[{"count":4,"href":"https:\/\/casabava.it\/it\/wp-json\/wp\/v2\/pages\/3\/revisions"}],"predecessor-version":[{"id":927,"href":"https:\/\/casabava.it\/it\/wp-json\/wp\/v2\/pages\/3\/revisions\/927"}],"wp:attachment":[{"href":"https:\/\/casabava.it\/it\/wp-json\/wp\/v2\/media?parent=3"}],"curies":[{"name":"wp","href":"https:\/\/api.w.org\/{rel}","templated":true}]}}